{"id":38,"date":"2017-02-16T22:14:05","date_gmt":"2017-02-16T22:14:05","guid":{"rendered":"http:\/\/new.lfaf.de\/?page_id=38"},"modified":"2017-02-16T23:11:13","modified_gmt":"2017-02-16T23:11:13","slug":"susi-papoutsidis-perc-keys-v","status":"publish","type":"page","link":"https:\/\/new.lfaf.de\/?page_id=38","title":{"rendered":"&#8222;Susi&#8220; Papoutsidis (perc, keys, v)"},"content":{"rendered":"<p><img loading=\"lazy\" decoding=\"async\" class=\"alignleft size-medium wp-image-39\" src=\"https:\/\/new.lfaf.de\/wp-content\/uploads\/2017\/02\/BrownSugar12-300x200.jpg\" alt=\"\" width=\"300\" height=\"200\" srcset=\"https:\/\/new.lfaf.de\/wp-content\/uploads\/2017\/02\/BrownSugar12-300x200.jpg 300w, https:\/\/new.lfaf.de\/wp-content\/uploads\/2017\/02\/BrownSugar12-768x512.jpg 768w, https:\/\/new.lfaf.de\/wp-content\/uploads\/2017\/02\/BrownSugar12-1024x683.jpg 1024w, https:\/\/new.lfaf.de\/wp-content\/uploads\/2017\/02\/BrownSugar12-1170x780.jpg 1170w, https:\/\/new.lfaf.de\/wp-content\/uploads\/2017\/02\/BrownSugar12.jpg 1200w\" sizes=\"auto, (max-width: 300px) 100vw, 300px\" \/>Ich kam 1977 als Kind einer musikalischen Familie in N\u00fcrnberg zur Welt. Schon als Ungeborenes muss ich wohl den Schlagzeug-Beat meines Papas aufgesogen haben, denn ich h\u00f6re begeistert die verschiedensten Rhythmen der Welt und Zeiten und f\u00fchle mich in Rock, Pop, Funk, Soul, Discobeat, Alternative genauso zuhause wie in Barock und Renaissance. \u00dcber letztere kam ich w\u00e4hrend eines Workshops f\u00fcr historische Musik auch mit meinem Mann, Konstantin Papoutsidis, zusammen.<\/p>\n<p>Neben Percussion und Keyboard spiele ich auch noch Geige, klassische Gitarre, Harfe, Querfl\u00f6te, Traversfl\u00f6te.<\/p>\n","protected":false},"excerpt":{"rendered":"<p>Ich kam 1977 als Kind einer musikalischen Familie in N\u00fcrnberg zur Welt. Schon als Ungeborenes muss ich wohl den Schlagzeug-Beat meines Papas aufgesogen haben, denn ich h\u00f6re begeistert die verschiedensten Rhythmen der Welt und Zeiten und f\u00fchle mich in Rock,&#8230;<br \/><a class=\"read-more-button\" href=\"https:\/\/new.lfaf.de\/?page_id=38\">Mehr Lesen<\/a><\/p>\n","protected":false},"author":1,"featured_media":0,"parent":55,"menu_order":0,"comment_status":"closed","ping_status":"closed","template":"","meta":{"footnotes":""},"class_list":["post-38","page","type-page","status-publish","hentry"],"_links":{"self":[{"href":"https:\/\/new.lfaf.de\/index.php?rest_route=\/wp\/v2\/pages\/38","targetHints":{"allow":["GET"]}}],"collection":[{"href":"https:\/\/new.lfaf.de\/index.php?rest_route=\/wp\/v2\/pages"}],"about":[{"href":"https:\/\/new.lfaf.de\/index.php?rest_route=\/wp\/v2\/types\/page"}],"author":[{"embeddable":true,"href":"https:\/\/new.lfaf.de\/index.php?rest_route=\/wp\/v2\/users\/1"}],"replies":[{"embeddable":true,"href":"https:\/\/new.lfaf.de\/index.php?rest_route=%2Fwp%2Fv2%2Fcomments&post=38"}],"version-history":[{"count":3,"href":"https:\/\/new.lfaf.de\/index.php?rest_route=\/wp\/v2\/pages\/38\/revisions"}],"predecessor-version":[{"id":98,"href":"https:\/\/new.lfaf.de\/index.php?rest_route=\/wp\/v2\/pages\/38\/revisions\/98"}],"up":[{"embeddable":true,"href":"https:\/\/new.lfaf.de\/index.php?rest_route=\/wp\/v2\/pages\/55"}],"wp:attachment":[{"href":"https:\/\/new.lfaf.de\/index.php?rest_route=%2Fwp%2Fv2%2Fmedia&parent=38"}],"curies":[{"name":"wp","href":"https:\/\/api.w.org\/{rel}","templated":true}]}}