{"id":29,"date":"2017-02-16T22:16:45","date_gmt":"2017-02-16T22:16:45","guid":{"rendered":"http:\/\/new.lfaf.de\/?page_id=29"},"modified":"2018-02-10T19:25:21","modified_gmt":"2018-02-10T19:25:21","slug":"konstantin-papoutsidis-keys-org-v","status":"publish","type":"page","link":"https:\/\/new.lfaf.de\/?page_id=29","title":{"rendered":"&#8222;Kons&#8220; Papoutsidis (keys, org, v)"},"content":{"rendered":"<p><img loading=\"lazy\" decoding=\"async\" class=\"alignleft size-medium wp-image-30\" src=\"https:\/\/new.lfaf.de\/wp-content\/uploads\/2017\/02\/BrownSugar16-200x300.jpg\" alt=\"\" width=\"200\" height=\"300\" srcset=\"https:\/\/new.lfaf.de\/wp-content\/uploads\/2017\/02\/BrownSugar16-200x300.jpg 200w, https:\/\/new.lfaf.de\/wp-content\/uploads\/2017\/02\/BrownSugar16-768x1152.jpg 768w, https:\/\/new.lfaf.de\/wp-content\/uploads\/2017\/02\/BrownSugar16-683x1024.jpg 683w, https:\/\/new.lfaf.de\/wp-content\/uploads\/2017\/02\/BrownSugar16-1170x1755.jpg 1170w, https:\/\/new.lfaf.de\/wp-content\/uploads\/2017\/02\/BrownSugar16.jpg 1200w\" sizes=\"auto, (max-width: 200px) 100vw, 200px\" \/><\/p>\n<p>Instrumente: <strong>Klavier, Keyboards, Cembalo, Kinderklavier und andere lustige Instrumente, Blockfl\u00f6te, BackgroundVocals<\/strong><\/p>\n<p>Mitwirkung in Gruppen und Projekten unterschiedlicher musikalischer Auspr\u00e4gungen:<\/p>\n<ul>\n<li>Schulorchester mit Cembalo und Klavier (bis zum Abi 1997)<\/li>\n<li>pianistische Begleitung verschiedener Gospelch\u00f6re: &#8222;Amazingers&#8220; (1998-2001), &#8222;Singing Diffrent&#8220; (seit 2001), &#8222;Music Gospel Workshop&#8220; (1x j\u00e4hrlich seit 2014)<\/li>\n<li>Gr\u00fcndung des Singer\/Song-Writer-Duos &#8222;Harmolesque&#8220; mit Petra Geier in Rostock (seit 2009)<\/li>\n<li>Gr\u00fcndung der Gruppe &#8222;Och Aye The Noo&#8220; mit Jenni Heron (seit 2013)<\/li>\n<li>Gr\u00fcndung der Gruppe &#8222;Dry Spirits&#8220; mit Jenni Heron, Steve Webb, Susi und Sol (seit 2018)<\/li>\n<li>Keyboarder der Prog-Rock-Gruppe &#8222;Static Thought&#8220; (2000-2004)<\/li>\n<li>Keyboarder von diversen Cover-Gruppen: R&amp;B\/Soul bei &#8222;New Crunchy Monsters&#8220; (ca. 2006-2008), Rock\/Pop bei &#8222;Fresh Air Syndicate&#8220; (2012-2014), &#8222;Lazy Friends &amp; Family&#8220; (seit 2014)<\/li>\n<li>Liedbegleitung verschiedener S\u00e4nger: Bj\u00f6rn Beutel, Barbara Kosariszuk, Marco Schneider, Lutz Backes<\/li>\n<li>Kompositionen f\u00fcr die Theatergruppe &#8222;theatre13&#8220; von Jenni Heron (seit 2016)<\/li>\n<li>Keyboardbegleitung der Kindermusicals in St. Peter &amp; Paul unter der Leitung von Marco Schneider (seit ca. 2007)<\/li>\n<li>&#8222;Hintergr\u00fcndige&#8220; Klaviermusik bei Vernissagen, Brunches, Feiern<\/li>\n<\/ul>\n","protected":false},"excerpt":{"rendered":"<p>Instrumente: Klavier, Keyboards, Cembalo, Kinderklavier und andere lustige Instrumente, Blockfl\u00f6te, BackgroundVocals Mitwirkung in Gruppen und Projekten unterschiedlicher musikalischer Auspr\u00e4gungen: Schulorchester mit Cembalo und Klavier (bis zum Abi 1997) pianistische Begleitung verschiedener Gospelch\u00f6re: &#8222;Amazingers&#8220; (1998-2001), &#8222;Singing Diffrent&#8220; (seit 2001), &#8222;Music Gospel&#8230;<br \/><a class=\"read-more-button\" href=\"https:\/\/new.lfaf.de\/?page_id=29\">Mehr Lesen<\/a><\/p>\n","protected":false},"author":1,"featured_media":0,"parent":55,"menu_order":0,"comment_status":"closed","ping_status":"closed","template":"","meta":{"footnotes":""},"class_list":["post-29","page","type-page","status-publish","hentry"],"_links":{"self":[{"href":"https:\/\/new.lfaf.de\/index.php?rest_route=\/wp\/v2\/pages\/29","targetHints":{"allow":["GET"]}}],"collection":[{"href":"https:\/\/new.lfaf.de\/index.php?rest_route=\/wp\/v2\/pages"}],"about":[{"href":"https:\/\/new.lfaf.de\/index.php?rest_route=\/wp\/v2\/types\/page"}],"author":[{"embeddable":true,"href":"https:\/\/new.lfaf.de\/index.php?rest_route=\/wp\/v2\/users\/1"}],"replies":[{"embeddable":true,"href":"https:\/\/new.lfaf.de\/index.php?rest_route=%2Fwp%2Fv2%2Fcomments&post=29"}],"version-history":[{"count":7,"href":"https:\/\/new.lfaf.de\/index.php?rest_route=\/wp\/v2\/pages\/29\/revisions"}],"predecessor-version":[{"id":244,"href":"https:\/\/new.lfaf.de\/index.php?rest_route=\/wp\/v2\/pages\/29\/revisions\/244"}],"up":[{"embeddable":true,"href":"https:\/\/new.lfaf.de\/index.php?rest_route=\/wp\/v2\/pages\/55"}],"wp:attachment":[{"href":"https:\/\/new.lfaf.de\/index.php?rest_route=%2Fwp%2Fv2%2Fmedia&parent=29"}],"curies":[{"name":"wp","href":"https:\/\/api.w.org\/{rel}","templated":true}]}}