{"id":24,"date":"2017-02-16T22:16:33","date_gmt":"2017-02-16T22:16:33","guid":{"rendered":"http:\/\/new.lfaf.de\/?page_id=24"},"modified":"2017-02-16T23:11:28","modified_gmt":"2017-02-16T23:11:28","slug":"heinz-mueller-dr-v","status":"publish","type":"page","link":"https:\/\/new.lfaf.de\/?page_id=24","title":{"rendered":"Heinz M\u00fcller (dr, v)"},"content":{"rendered":"<p><img loading=\"lazy\" decoding=\"async\" class=\"alignleft size-medium wp-image-25\" src=\"https:\/\/new.lfaf.de\/wp-content\/uploads\/2017\/02\/BrownSugar17-300x200.jpg\" alt=\"\" width=\"300\" height=\"200\" srcset=\"https:\/\/new.lfaf.de\/wp-content\/uploads\/2017\/02\/BrownSugar17-300x200.jpg 300w, https:\/\/new.lfaf.de\/wp-content\/uploads\/2017\/02\/BrownSugar17-768x512.jpg 768w, https:\/\/new.lfaf.de\/wp-content\/uploads\/2017\/02\/BrownSugar17-1024x683.jpg 1024w, https:\/\/new.lfaf.de\/wp-content\/uploads\/2017\/02\/BrownSugar17-1170x780.jpg 1170w, https:\/\/new.lfaf.de\/wp-content\/uploads\/2017\/02\/BrownSugar17.jpg 1200w\" sizes=\"auto, (max-width: 300px) 100vw, 300px\" \/>Erste Band in der Zeit von 1966 bis 1969 (The Chaps) mit Auftritten bei Bandwettbewerben, Schulb\u00e4llen u. kleinen Musikb\u00fchnen. Ab 1970 bis 1977 tingelte ich dann w\u00f6chentlich mit der Band \u201eChapter Two&#8220; in ganz Nordbayern durch die amerikanischen Clubs. In den Jahren 1977 bis 1983 war ich mit der Gruppe \u201eYou and We\u201c in den gro\u00dfen Tanzs\u00e4len in ganz Franken und der Oberpfalz unterwegs. Nach 1983 haben der Keyboarder und ich, die im Raum Neumarkt und Umgebung bekannte Gruppe &#8222;SONGBOOK&#8220; gegr\u00fcndet, und haben mit dieser dann bis 1987 \u00fcberwiegend regelm\u00e4\u00dfige Auftritte in Musikerkneipen vollzogen. Nach einer l\u00e4ngeren Schaffenspause stie\u00df ich dann zu der R&amp;B Gruppe \u201eThe New Crunchy Monsters&#8220; (Beendigung Aug. 2009).Dann bin ich bei der Band \u201eFresh Air Syndicate\u201c bis zu ihrer Aufl\u00f6sung im Jahre 2014 eingestiegen. Danach Neugr\u00fcndung der Gruppe \u201eLazy Friends &amp; Family\u201c<\/p>\n","protected":false},"excerpt":{"rendered":"<p>Erste Band in der Zeit von 1966 bis 1969 (The Chaps) mit Auftritten bei Bandwettbewerben, Schulb\u00e4llen u. kleinen Musikb\u00fchnen. Ab 1970 bis 1977 tingelte ich dann w\u00f6chentlich mit der Band \u201eChapter Two&#8220; in ganz Nordbayern durch die amerikanischen Clubs. In&#8230;<br \/><a class=\"read-more-button\" href=\"https:\/\/new.lfaf.de\/?page_id=24\">Mehr Lesen<\/a><\/p>\n","protected":false},"author":1,"featured_media":0,"parent":55,"menu_order":0,"comment_status":"closed","ping_status":"closed","template":"","meta":{"footnotes":""},"class_list":["post-24","page","type-page","status-publish","hentry"],"_links":{"self":[{"href":"https:\/\/new.lfaf.de\/index.php?rest_route=\/wp\/v2\/pages\/24","targetHints":{"allow":["GET"]}}],"collection":[{"href":"https:\/\/new.lfaf.de\/index.php?rest_route=\/wp\/v2\/pages"}],"about":[{"href":"https:\/\/new.lfaf.de\/index.php?rest_route=\/wp\/v2\/types\/page"}],"author":[{"embeddable":true,"href":"https:\/\/new.lfaf.de\/index.php?rest_route=\/wp\/v2\/users\/1"}],"replies":[{"embeddable":true,"href":"https:\/\/new.lfaf.de\/index.php?rest_route=%2Fwp%2Fv2%2Fcomments&post=24"}],"version-history":[{"count":4,"href":"https:\/\/new.lfaf.de\/index.php?rest_route=\/wp\/v2\/pages\/24\/revisions"}],"predecessor-version":[{"id":100,"href":"https:\/\/new.lfaf.de\/index.php?rest_route=\/wp\/v2\/pages\/24\/revisions\/100"}],"up":[{"embeddable":true,"href":"https:\/\/new.lfaf.de\/index.php?rest_route=\/wp\/v2\/pages\/55"}],"wp:attachment":[{"href":"https:\/\/new.lfaf.de\/index.php?rest_route=%2Fwp%2Fv2%2Fmedia&parent=24"}],"curies":[{"name":"wp","href":"https:\/\/api.w.org\/{rel}","templated":true}]}}